{"id":2,"date":"2024-02-08T11:40:27","date_gmt":"2024-02-08T10:40:27","guid":{"rendered":"http:\/\/www.lucca.fr\/actualites\/?page_id=2"},"modified":"2024-11-26T09:48:03","modified_gmt":"2024-11-26T08:48:03","slug":"page-d-exemple","status":"publish","type":"page","link":"https:\/\/www.lucca.fr\/actualites\/","title":{"rendered":"Home"},"content":{"rendered":"\t\t<div data-elementor-type=\"wp-page\" data-elementor-id=\"2\" class=\"elementor elementor-2\" data-elementor-post-type=\"page\">\n\t\t\t\t<div class=\"elementor-element elementor-element-f422084 hero e-flex e-con-boxed e-con e-parent\" data-id=\"f422084\" data-element_type=\"container\" data-e-type=\"container\">\n\t\t\t\t\t<div class=\"e-con-inner\">\n\t\t<div class=\"elementor-element elementor-element-8e58a5e e-con-full e-flex e-con e-child\" data-id=\"8e58a5e\" data-element_type=\"container\" data-e-type=\"container\">\n\t\t\t\t<div class=\"elementor-element elementor-element-5eaf7f0 elementor-widget elementor-widget-fw-mix-1\" data-id=\"5eaf7f0\" data-element_type=\"widget\" data-e-type=\"widget\" data-widget_type=\"fw-mix-1.default\">\n\t\t\t\t<div class=\"elementor-widget-container\">\n\t\t\t\t\t\t\t<div id=\"uid_5eaf7f0\" class=\"block-wrap fw-block block-mix fw-mix-1\" >\n\t\t\t\t<div class=\"content-wrap\"><div class=\"content-inner\">\n\t\t\t\t<div class=\"p-wrap p-overlay p-overlay-5 post-12428 sticky no-avatar\">\n\t\t\t<div class=\"p-feat\">\n\t\t\t\t\t\t<a class=\"p-flink\" href=\"https:\/\/www.lucca.fr\/actualites\/objectif-des100me-darr-rate-de-peu-mais-lucca-garde-le-cap\/\" aria-label=\"Objectif des 100M\u20ac d\u2019ARR rat\u00e9 de peu, mais Lucca garde le cap !\">\n\t\t\t<span class=\"rb-iwrap pc-75\"><img fetchpriority=\"high\" decoding=\"async\" width=\"560\" height=\"420\" src=\"https:\/\/www.lucca.fr\/actualites\/wp-content\/uploads\/2026\/01\/illu-blo-BL-janv-2026-03-560x420.png\" class=\"attachment-pixwell_280x210-2x size-pixwell_280x210-2x wp-post-image\" alt=\"\" \/><\/span> <\/a>\n\t\t\t\t\t\t<div class=\"content-overlay is-light-text\">\n\t\t\t\t\t<div class=\"overlay-holder\">\n\t\t\t\t\t\t\t\t<aside class=\"p-cat-info is-relative\">\n\t\t\t<a class=\"cat-info-el cat-info-id-77\" href=\"https:\/\/www.lucca.fr\/actualites\/category\/vie-dentreprise\/\" rel=\"category\">L&#039;actu Lucca<\/a><a class=\"cat-info-el cat-info-id-74\" href=\"https:\/\/www.lucca.fr\/actualites\/category\/vie-dentreprise\/le-mot-du-president\/\" rel=\"category\">Le mot du pr\u00e9sident<\/a>\t\t<\/aside>\n\t\t\t\t\t\t\t\t<div class=\"p-header\"><h3 class=\"entry-title\">\t\t<a class=\"p-url\" href=\"https:\/\/www.lucca.fr\/actualites\/objectif-des100me-darr-rate-de-peu-mais-lucca-garde-le-cap\/\" rel=\"bookmark\">Objectif des 100M\u20ac d\u2019ARR rat\u00e9 de peu, mais Lucca garde le cap !<\/a>\n\t\t<span class=\"read-it-later bookmark-item\"  data-title=\"Read it Later\" data-bookmarkid=\"12428\">\n\t\t\t<i class=\"rbi rbi-bookmark\" aria-hidden=\"true\"><\/i><\/span>\n\t\t<\/h3><\/div>\n\t\t\t\t\t\t<div class=\"p-footer\">\n\t\t\t\t\t\t\t<aside class=\"p-meta-info\">\t\t<span class=\"meta-info-el meta-info-read\">\n\t\t\t<i class=\"rbi rbi-fish-eye\"><\/i>\t\t\t2 minutes de lecture\t\t<\/span>\n\t\t<span class=\"meta-info-el mobile-bookmark\"><span class=\"read-it-later bookmark-item\"  data-title=\"Read it Later\" data-bookmarkid=\"12428\">\n\t\t\t<i class=\"rbi rbi-bookmark\" aria-hidden=\"true\"><\/i><\/span>\n\t\t<\/span><\/aside>\t\t\t\t\t\t<\/div>\n\t\t\t\t\t<\/div>\n\t\t\t\t<\/div>\n\t\t\t<\/div>\n\t\t<\/div>\n\t\t\t\t<\/div>\n\t\t<\/div>\n\t\t<\/div>\t\t\t\t<\/div>\n\t\t\t\t<\/div>\n\t\t\t\t<\/div>\n\t\t<div class=\"elementor-element elementor-element-218d2cb e-con-full e-flex e-con e-child\" data-id=\"218d2cb\" data-element_type=\"container\" data-e-type=\"container\" data-settings=\"{&quot;background_background&quot;:&quot;classic&quot;}\">\n\t\t\t\t<div class=\"elementor-element elementor-element-974576f elementor-widget elementor-widget-heading\" data-id=\"974576f\" data-element_type=\"widget\" data-e-type=\"widget\" data-widget_type=\"heading.default\">\n\t\t\t\t<div class=\"elementor-widget-container\">\n\t\t\t\t\t<h2 class=\"elementor-heading-title elementor-size-default\">La Newsletter<\/h2>\t\t\t\t<\/div>\n\t\t\t\t<\/div>\n\t\t\t\t<div class=\"elementor-element elementor-element-4a02669 elementor-widget elementor-widget-text-editor\" data-id=\"4a02669\" data-element_type=\"widget\" data-e-type=\"widget\" data-widget_type=\"text-editor.default\">\n\t\t\t\t<div class=\"elementor-widget-container\">\n\t\t\t\t\t\t\t\t\tTout ce qu&rsquo;il se passe dans les coulisses de Lucca, deux fois par trimestre, dans votre boite mail.\t\t\t\t\t\t\t\t<\/div>\n\t\t\t\t<\/div>\n\t\t\t\t<div class=\"elementor-element elementor-element-2ad247b elementor-widget elementor-widget-shortcode\" data-id=\"2ad247b\" data-element_type=\"widget\" data-e-type=\"widget\" data-widget_type=\"shortcode.default\">\n\t\t\t\t<div class=\"elementor-widget-container\">\n\t\t\t\t\t\t\t<div class=\"elementor-shortcode\">    <script type=\"text\/javascript\">\n        var url = parent.document.URL;\n        document.write('<iframe src=\"https:\/\/info.lucca.fr\/l\/950782\/2022-11-24\/5wbkff?url=' + btoa(url) + '\" width=\"100%\" height=\"200\" type=\"text\/html\" frameborder=\"0\" allowTransparency=\"true\" style=\"border: 0\"><\/iframe>');\n    <\/script>\n    <\/div>\n\t\t\t\t\t\t<\/div>\n\t\t\t\t<\/div>\n\t\t\t\t<\/div>\n\t\t\t\t\t<\/div>\n\t\t\t\t<\/div>\n\t\t<div class=\"elementor-element elementor-element-54c1af8 e-flex e-con-boxed e-con e-parent\" data-id=\"54c1af8\" data-element_type=\"container\" data-e-type=\"container\">\n\t\t\t\t\t<div class=\"e-con-inner\">\n\t\t\t\t<div class=\"elementor-element elementor-element-3aa3383 elementor-widget elementor-widget-spacer\" data-id=\"3aa3383\" data-element_type=\"widget\" data-e-type=\"widget\" data-widget_type=\"spacer.default\">\n\t\t\t\t<div class=\"elementor-widget-container\">\n\t\t\t\t\t\t\t<div class=\"elementor-spacer\">\n\t\t\t<div class=\"elementor-spacer-inner\"><\/div>\n\t\t<\/div>\n\t\t\t\t\t\t<\/div>\n\t\t\t\t<\/div>\n\t\t\t\t\t<\/div>\n\t\t\t\t<\/div>\n\t\t<div class=\"elementor-element elementor-element-ffa24a8 e-flex e-con-boxed e-con e-parent\" data-id=\"ffa24a8\" data-element_type=\"container\" data-e-type=\"container\">\n\t\t\t\t\t<div class=\"e-con-inner\">\n\t\t\t\t<div class=\"elementor-element elementor-element-1b6ecf7 elementor-widget elementor-widget-ct-grid-2\" data-id=\"1b6ecf7\" data-element_type=\"widget\" data-e-type=\"widget\" data-widget_type=\"ct-grid-2.default\">\n\t\t\t\t<div class=\"elementor-widget-container\">\n\t\t\t\t\t\t\t<div id=\"uid_1b6ecf7\" class=\"block-wrap ct-block ct-grid-2\" >\n\t\t\t\t<header class=\"block-header\">\n\t\t\t\t\t\t\t<h2 class=\"block-title h3\">Derni\u00e8res actualit\u00e9s Lucca<\/h2>\n\t\t\t\t\t\t\t\t<\/header>\n\t\t\t\t<div class=\"content-wrap\"><div class=\"content-inner rb-row rb-n15-gutter\">\n\t\t<div class=\"rb-p15-gutter rb-col-t4 rb-col-m12\">\t\t<div class=\"p-wrap p-grid p-grid-4 post-12380 rb-hf no-avatar\">\n\t\t\t\t\t\t\t<div class=\"p-feat-holder\">\n\t\t\t\t\t<div class=\"p-feat\">\n\t\t\t\t\t\t\t\t<a class=\"p-flink\" href=\"https:\/\/www.lucca.fr\/actualites\/lucca-principles-9-principes-pour-guider-nos-prises-de-decisions\/\" aria-label=\"Lucca Principles : 9 principes pour guider nos prises de d\u00e9cisions\">\n\t\t\t<span class=\"rb-iwrap pc-75\"><img decoding=\"async\" width=\"280\" height=\"210\" src=\"https:\/\/www.lucca.fr\/actualites\/wp-content\/uploads\/2025\/09\/illu-2025-05-280x210.png\" class=\"attachment-pixwell_280x210 size-pixwell_280x210 wp-post-image\" alt=\"\" \/><\/span> <\/a>\n\t\t\t\t<aside class=\"p-cat-info is-absolute\">\n\t\t\t\t\t<\/aside>\n\t\t\t\t\t\t\t<\/div>\n\t\t\t\t\t\t\t\t\t<\/div>\n\t\t\t\t\t\t<div class=\"p-body\">\n\t\t\t\t<div class=\"p-header\">\n\t\t\t\t\t\t\t\t\t\t\t\t\t\t\t\t<div class=\"p-header\"><h4 class=\"entry-title h5\">\t\t<a class=\"p-url\" href=\"https:\/\/www.lucca.fr\/actualites\/lucca-principles-9-principes-pour-guider-nos-prises-de-decisions\/\" rel=\"bookmark\">Lucca Principles : 9 principes pour guider nos prises de d\u00e9cisions<\/a>\n\t\t<\/h4><\/div>\n\t\t\t\t\t\t\t\t\t<\/div>\n\t\t\t\t<div class=\"p-footer\">\n\t\t\t\t\t\t\t\t\t<\/div>\n\t\t\t<\/div>\n\t\t<\/div>\n\t\t<\/div><div class=\"rb-p15-gutter rb-col-t4 rb-col-m12\">\t\t<div class=\"p-wrap p-grid p-grid-4 post-12372 rb-hf no-avatar\">\n\t\t\t\t\t\t\t<div class=\"p-feat-holder\">\n\t\t\t\t\t<div class=\"p-feat\">\n\t\t\t\t\t\t\t\t<a class=\"p-flink\" href=\"https:\/\/www.lucca.fr\/actualites\/club-utilisateurs-lucca-2025-rendez-vous-le-16-octobre\/\" aria-label=\"Club Utilisateurs Lucca 2025 : rendez-vous le 16 octobre\">\n\t\t\t<span class=\"rb-iwrap pc-75\"><img decoding=\"async\" width=\"280\" height=\"210\" src=\"https:\/\/www.lucca.fr\/actualites\/wp-content\/uploads\/2025\/07\/Vignette-blog-club-u-280x210.png\" class=\"attachment-pixwell_280x210 size-pixwell_280x210 wp-post-image\" alt=\"\" \/><\/span> <\/a>\n\t\t\t\t<aside class=\"p-cat-info is-absolute\">\n\t\t\t\t\t<\/aside>\n\t\t\t\t\t\t\t<\/div>\n\t\t\t\t\t\t\t\t\t<\/div>\n\t\t\t\t\t\t<div class=\"p-body\">\n\t\t\t\t<div class=\"p-header\">\n\t\t\t\t\t\t\t\t\t\t\t\t\t\t\t\t<div class=\"p-header\"><h4 class=\"entry-title h5\">\t\t<a class=\"p-url\" href=\"https:\/\/www.lucca.fr\/actualites\/club-utilisateurs-lucca-2025-rendez-vous-le-16-octobre\/\" rel=\"bookmark\">Club Utilisateurs Lucca 2025 : rendez-vous le 16 octobre<\/a>\n\t\t<\/h4><\/div>\n\t\t\t\t\t\t\t\t\t<\/div>\n\t\t\t\t<div class=\"p-footer\">\n\t\t\t\t\t\t\t\t\t<\/div>\n\t\t\t<\/div>\n\t\t<\/div>\n\t\t<\/div><div class=\"rb-p15-gutter rb-col-t4 rb-col-m12\">\t\t<div class=\"p-wrap p-grid p-grid-4 post-12363 rb-hf no-avatar\">\n\t\t\t\t\t\t\t<div class=\"p-feat-holder\">\n\t\t\t\t\t<div class=\"p-feat\">\n\t\t\t\t\t\t\t\t<a class=\"p-flink\" href=\"https:\/\/www.lucca.fr\/actualites\/titres-restaurant-ce-quon-a-decouvert-en-soulevant-le-tapis\/\" aria-label=\"Titres-restaurant : ce qu\u2019on a d\u00e9couvert en soulevant le tapis\">\n\t\t\t<span class=\"rb-iwrap pc-75\"><img loading=\"lazy\" decoding=\"async\" width=\"280\" height=\"210\" src=\"https:\/\/www.lucca.fr\/actualites\/wp-content\/uploads\/2025\/07\/illu-blo-BL-juil-2025-280x210.png\" class=\"attachment-pixwell_280x210 size-pixwell_280x210 wp-post-image\" alt=\"\" \/><\/span> <\/a>\n\t\t\t\t<aside class=\"p-cat-info is-absolute\">\n\t\t\t\t\t<\/aside>\n\t\t\t\t\t\t\t<\/div>\n\t\t\t\t\t\t\t\t\t<\/div>\n\t\t\t\t\t\t<div class=\"p-body\">\n\t\t\t\t<div class=\"p-header\">\n\t\t\t\t\t\t\t\t\t\t\t\t\t\t\t\t<div class=\"p-header\"><h4 class=\"entry-title h5\">\t\t<a class=\"p-url\" href=\"https:\/\/www.lucca.fr\/actualites\/titres-restaurant-ce-quon-a-decouvert-en-soulevant-le-tapis\/\" rel=\"bookmark\">Titres-restaurant : ce qu\u2019on a d\u00e9couvert en soulevant le tapis<\/a>\n\t\t<\/h4><\/div>\n\t\t\t\t\t\t\t\t\t<\/div>\n\t\t\t\t<div class=\"p-footer\">\n\t\t\t\t\t\t\t\t\t<\/div>\n\t\t\t<\/div>\n\t\t<\/div>\n\t\t<\/div>\t\t<\/div>\n\t\t<\/div>\n\t\t<\/div>\t\t\t\t<\/div>\n\t\t\t\t<\/div>\n\t\t\t\t\t<\/div>\n\t\t\t\t<\/div>\n\t\t<div class=\"elementor-element elementor-element-42e9a22 e-flex e-con-boxed e-con e-parent\" data-id=\"42e9a22\" data-element_type=\"container\" data-e-type=\"container\">\n\t\t\t\t\t<div class=\"e-con-inner\">\n\t\t\t\t<div class=\"elementor-element elementor-element-95537e7 elementor-widget elementor-widget-ct-grid-2\" data-id=\"95537e7\" data-element_type=\"widget\" data-e-type=\"widget\" data-widget_type=\"ct-grid-2.default\">\n\t\t\t\t<div class=\"elementor-widget-container\">\n\t\t\t\t\t\t\t<div id=\"uid_95537e7\" class=\"block-wrap ct-block ct-grid-2\" >\n\t\t\t\t<header class=\"block-header\">\n\t\t\t\t\t\t\t<h2 class=\"block-title h3\">Derni\u00e8res actualit\u00e9s Produit<\/h2>\n\t\t\t\t\t\t\t\t<\/header>\n\t\t\t\t<div class=\"content-wrap\"><div class=\"content-inner rb-row rb-n15-gutter\">\n\t\t<div class=\"rb-p15-gutter rb-col-t4 rb-col-m12\">\t\t<div class=\"p-wrap p-grid p-grid-4 post-12420 rb-hf no-avatar\">\n\t\t\t\t\t\t\t<div class=\"p-feat-holder\">\n\t\t\t\t\t<div class=\"p-feat\">\n\t\t\t\t\t\t\t\t<a class=\"p-flink\" href=\"https:\/\/www.lucca.fr\/actualites\/le-11-le-rituel-cle-du-manager\/\" aria-label=\"Le 1:1, le rituel cl\u00e9 du manager\">\n\t\t\t<span class=\"rb-iwrap pc-75\"><img loading=\"lazy\" decoding=\"async\" width=\"225\" height=\"210\" src=\"https:\/\/www.lucca.fr\/actualites\/wp-content\/uploads\/2024\/02\/illu-header-all-authors.svg\" class=\"attachment-pixwell_280x210 size-pixwell_280x210 wp-post-image\" alt=\"\" \/><\/span> <\/a>\n\t\t\t\t<aside class=\"p-cat-info is-absolute\">\n\t\t\t\t\t<\/aside>\n\t\t\t\t\t\t\t<\/div>\n\t\t\t\t\t\t\t\t\t<\/div>\n\t\t\t\t\t\t<div class=\"p-body\">\n\t\t\t\t<div class=\"p-header\">\n\t\t\t\t\t\t\t\t\t\t\t\t\t\t\t\t<div class=\"p-header\"><h4 class=\"entry-title h5\">\t\t<a class=\"p-url\" href=\"https:\/\/www.lucca.fr\/actualites\/le-11-le-rituel-cle-du-manager\/\" rel=\"bookmark\">Le 1:1, le rituel cl\u00e9 du manager<\/a>\n\t\t<\/h4><\/div>\n\t\t\t\t\t\t\t\t\t<\/div>\n\t\t\t\t<div class=\"p-footer\">\n\t\t\t\t\t\t\t\t\t<\/div>\n\t\t\t<\/div>\n\t\t<\/div>\n\t\t<\/div><div class=\"rb-p15-gutter rb-col-t4 rb-col-m12\">\t\t<div class=\"p-wrap p-grid p-grid-4 post-12400 rb-hf no-avatar\">\n\t\t\t\t\t\t\t<div class=\"p-feat-holder\">\n\t\t\t\t\t<div class=\"p-feat\">\n\t\t\t\t\t\t\t\t<a class=\"p-flink\" href=\"https:\/\/www.lucca.fr\/actualites\/facturation-electronique-notes-de-frais\/\" aria-label=\"R\u00e9forme de la facturation \u00e9lectronique : les notes de frais sont aussi concern\u00e9es.\">\n\t\t\t<span class=\"rb-iwrap pc-75\"><img loading=\"lazy\" decoding=\"async\" width=\"280\" height=\"210\" src=\"https:\/\/www.lucca.fr\/actualites\/wp-content\/uploads\/2025\/09\/illu-2025-04-280x210.png\" class=\"attachment-pixwell_280x210 size-pixwell_280x210 wp-post-image\" alt=\"\" \/><\/span> <\/a>\n\t\t\t\t<aside class=\"p-cat-info is-absolute\">\n\t\t\t\t\t<\/aside>\n\t\t\t\t\t\t\t<\/div>\n\t\t\t\t\t\t\t\t\t<\/div>\n\t\t\t\t\t\t<div class=\"p-body\">\n\t\t\t\t<div class=\"p-header\">\n\t\t\t\t\t\t\t\t\t\t\t\t\t\t\t\t<div class=\"p-header\"><h4 class=\"entry-title h5\">\t\t<a class=\"p-url\" href=\"https:\/\/www.lucca.fr\/actualites\/facturation-electronique-notes-de-frais\/\" rel=\"bookmark\">R\u00e9forme de la facturation \u00e9lectronique : les notes de frais sont aussi concern\u00e9es.<\/a>\n\t\t<\/h4><\/div>\n\t\t\t\t\t\t\t\t\t<\/div>\n\t\t\t\t<div class=\"p-footer\">\n\t\t\t\t\t\t\t\t\t<\/div>\n\t\t\t<\/div>\n\t\t<\/div>\n\t\t<\/div><div class=\"rb-p15-gutter rb-col-t4 rb-col-m12\">\t\t<div class=\"p-wrap p-grid p-grid-4 post-12386 rb-hf no-avatar\">\n\t\t\t\t\t\t\t<div class=\"p-feat-holder\">\n\t\t\t\t\t<div class=\"p-feat\">\n\t\t\t\t\t\t\t\t<a class=\"p-flink\" href=\"https:\/\/www.lucca.fr\/actualites\/frais-professionnels-quand-le-controle-se-fait-avant-meme-la-depense\/\" aria-label=\"Frais professionnels : quand le contr\u00f4le se fait avant m\u00eame la d\u00e9pense\">\n\t\t\t<span class=\"rb-iwrap pc-75\"><img loading=\"lazy\" decoding=\"async\" width=\"280\" height=\"210\" src=\"https:\/\/www.lucca.fr\/actualites\/wp-content\/uploads\/2025\/09\/illu-2025-04-280x210.png\" class=\"attachment-pixwell_280x210 size-pixwell_280x210 wp-post-image\" alt=\"\" \/><\/span> <\/a>\n\t\t\t\t<aside class=\"p-cat-info is-absolute\">\n\t\t\t\t\t<\/aside>\n\t\t\t\t\t\t\t<\/div>\n\t\t\t\t\t\t\t\t\t<\/div>\n\t\t\t\t\t\t<div class=\"p-body\">\n\t\t\t\t<div class=\"p-header\">\n\t\t\t\t\t\t\t\t\t\t\t\t\t\t\t\t<div class=\"p-header\"><h4 class=\"entry-title h5\">\t\t<a class=\"p-url\" href=\"https:\/\/www.lucca.fr\/actualites\/frais-professionnels-quand-le-controle-se-fait-avant-meme-la-depense\/\" rel=\"bookmark\">Frais professionnels : quand le contr\u00f4le se fait avant m\u00eame la d\u00e9pense<\/a>\n\t\t<\/h4><\/div>\n\t\t\t\t\t\t\t\t\t<\/div>\n\t\t\t\t<div class=\"p-footer\">\n\t\t\t\t\t\t\t\t\t<\/div>\n\t\t\t<\/div>\n\t\t<\/div>\n\t\t<\/div>\t\t<\/div>\n\t\t<\/div>\n\t\t<\/div>\t\t\t\t<\/div>\n\t\t\t\t<\/div>\n\t\t\t\t\t<\/div>\n\t\t\t\t<\/div>\n\t\t<div class=\"elementor-element elementor-element-9a9540f e-flex e-con-boxed e-con e-parent\" data-id=\"9a9540f\" data-element_type=\"container\" data-e-type=\"container\">\n\t\t\t\t\t<div class=\"e-con-inner\">\n\t\t\t\t<div class=\"elementor-element elementor-element-f19b4c6 elementor-widget elementor-widget-heading\" data-id=\"f19b4c6\" data-element_type=\"widget\" data-e-type=\"widget\" data-widget_type=\"heading.default\">\n\t\t\t\t<div class=\"elementor-widget-container\">\n\t\t\t\t\t<h2 class=\"elementor-heading-title elementor-size-default\">Les auteurs<\/h2>\t\t\t\t<\/div>\n\t\t\t\t<\/div>\n\t\t\t\t\t<\/div>\n\t\t\t\t<\/div>\n\t\t<div class=\"elementor-element elementor-element-76213cc e-flex e-con-boxed e-con e-parent\" data-id=\"76213cc\" data-element_type=\"container\" data-e-type=\"container\">\n\t\t\t\t\t<div class=\"e-con-inner\">\n\t\t<div class=\"elementor-element elementor-element-2adde32 e-con-full e-flex e-con e-child\" data-id=\"2adde32\" data-element_type=\"container\" data-e-type=\"container\" data-settings=\"{&quot;background_background&quot;:&quot;classic&quot;}\">\n\t\t\t\t<div class=\"elementor-element elementor-element-61b8617 elementor-position-top elementor-widget elementor-widget-image-box\" data-id=\"61b8617\" data-element_type=\"widget\" data-e-type=\"widget\" data-widget_type=\"image-box.default\">\n\t\t\t\t<div class=\"elementor-widget-container\">\n\t\t\t\t\t<div class=\"elementor-image-box-wrapper\"><figure class=\"elementor-image-box-img\"><a href=\"https:\/\/www.lucca.fr\/actualites\/author\/celine\/\" tabindex=\"-1\"><img loading=\"lazy\" decoding=\"async\" width=\"300\" height=\"300\" src=\"https:\/\/www.lucca.fr\/actualites\/wp-content\/uploads\/2024\/02\/celine-b.png\" class=\"attachment-full size-full wp-image-11313\" alt=\"\" srcset=\"https:\/\/www.lucca.fr\/actualites\/wp-content\/uploads\/2024\/02\/celine-b.png 300w, https:\/\/www.lucca.fr\/actualites\/wp-content\/uploads\/2024\/02\/celine-b-150x150.png 150w\" sizes=\"(max-width: 300px) 100vw, 300px\" \/><\/a><\/figure><div class=\"elementor-image-box-content\"><h3 class=\"elementor-image-box-title\"><a href=\"https:\/\/www.lucca.fr\/actualites\/author\/celine\/\">C\u00e9line<\/a><\/h3><p class=\"elementor-image-box-description\">Communication Director<\/p><\/div><\/div>\t\t\t\t<\/div>\n\t\t\t\t<\/div>\n\t\t\t\t<\/div>\n\t\t<div class=\"elementor-element elementor-element-8b4369d e-con-full e-flex e-con e-child\" data-id=\"8b4369d\" data-element_type=\"container\" data-e-type=\"container\" data-settings=\"{&quot;background_background&quot;:&quot;classic&quot;}\">\n\t\t\t\t<div class=\"elementor-element elementor-element-2612aff elementor-position-top elementor-widget elementor-widget-image-box\" data-id=\"2612aff\" data-element_type=\"widget\" data-e-type=\"widget\" data-widget_type=\"image-box.default\">\n\t\t\t\t<div class=\"elementor-widget-container\">\n\t\t\t\t\t<div class=\"elementor-image-box-wrapper\"><figure class=\"elementor-image-box-img\"><a href=\"https:\/\/www.lucca.fr\/actualites\/author\/gilles\/\" tabindex=\"-1\"><img loading=\"lazy\" decoding=\"async\" width=\"250\" height=\"250\" src=\"https:\/\/www.lucca.fr\/actualites\/wp-content\/uploads\/2024\/02\/gilles-s.png\" class=\"attachment-full size-full wp-image-11314\" alt=\"\" srcset=\"https:\/\/www.lucca.fr\/actualites\/wp-content\/uploads\/2024\/02\/gilles-s.png 250w, https:\/\/www.lucca.fr\/actualites\/wp-content\/uploads\/2024\/02\/gilles-s-150x150.png 150w\" sizes=\"(max-width: 250px) 100vw, 250px\" \/><\/a><\/figure><div class=\"elementor-image-box-content\"><h3 class=\"elementor-image-box-title\"><a href=\"https:\/\/www.lucca.fr\/actualites\/author\/gilles\/\">Gilles<\/a><\/h3><p class=\"elementor-image-box-description\">Chief Executive Officer<\/p><\/div><\/div>\t\t\t\t<\/div>\n\t\t\t\t<\/div>\n\t\t\t\t<\/div>\n\t\t<div class=\"elementor-element elementor-element-a2a224f e-con-full e-flex e-con e-child\" data-id=\"a2a224f\" data-element_type=\"container\" data-e-type=\"container\" data-settings=\"{&quot;background_background&quot;:&quot;classic&quot;}\">\n\t\t\t\t<div class=\"elementor-element elementor-element-0ece3fe elementor-position-top elementor-widget elementor-widget-image-box\" data-id=\"0ece3fe\" data-element_type=\"widget\" data-e-type=\"widget\" data-widget_type=\"image-box.default\">\n\t\t\t\t<div class=\"elementor-widget-container\">\n\t\t\t\t\t<div class=\"elementor-image-box-wrapper\"><figure class=\"elementor-image-box-img\"><a href=\"https:\/\/www.lucca.fr\/actualites\/author\/tristang\/\" tabindex=\"-1\"><img loading=\"lazy\" decoding=\"async\" width=\"490\" height=\"490\" src=\"https:\/\/www.lucca.fr\/actualites\/wp-content\/uploads\/2024\/02\/tristan-g.png\" class=\"attachment-full size-full wp-image-11316\" alt=\"\" srcset=\"https:\/\/www.lucca.fr\/actualites\/wp-content\/uploads\/2024\/02\/tristan-g.png 490w, https:\/\/www.lucca.fr\/actualites\/wp-content\/uploads\/2024\/02\/tristan-g-300x300.png 300w, https:\/\/www.lucca.fr\/actualites\/wp-content\/uploads\/2024\/02\/tristan-g-150x150.png 150w, https:\/\/www.lucca.fr\/actualites\/wp-content\/uploads\/2024\/02\/tristan-g-450x450.png 450w\" sizes=\"(max-width: 490px) 100vw, 490px\" \/><\/a><\/figure><div class=\"elementor-image-box-content\"><h3 class=\"elementor-image-box-title\"><a href=\"https:\/\/www.lucca.fr\/actualites\/author\/tristang\/\">Tristan<\/a><\/h3><p class=\"elementor-image-box-description\">Head of Product - Core HR<\/p><\/div><\/div>\t\t\t\t<\/div>\n\t\t\t\t<\/div>\n\t\t\t\t<\/div>\n\t\t\t\t\t<\/div>\n\t\t\t\t<\/div>\n\t\t<div class=\"elementor-element elementor-element-c33f3ac e-flex e-con-boxed e-con e-parent\" data-id=\"c33f3ac\" data-element_type=\"container\" data-e-type=\"container\">\n\t\t\t\t\t<div class=\"e-con-inner\">\n\t\t\t\t<div class=\"elementor-element elementor-element-8a30da0 elementor-widget elementor-widget-text-editor\" data-id=\"8a30da0\" data-element_type=\"widget\" data-e-type=\"widget\" data-widget_type=\"text-editor.default\">\n\t\t\t\t<div class=\"elementor-widget-container\">\n\t\t\t\t\t\t\t\t\t<p><a class=\"c-btnInline\" href=\"https:\/\/www.lucca.fr\/actualites\/auteurs\/\">Voir plus d&rsquo;auteurs<\/a><\/p>\t\t\t\t\t\t\t\t<\/div>\n\t\t\t\t<\/div>\n\t\t\t\t\t<\/div>\n\t\t\t\t<\/div>\n\t\t\t\t<\/div>\n\t\t","protected":false},"excerpt":{"rendered":"<p>edit L&#039;actu LuccaVie d&#039;entreprise Rejoignez la communaut\u00e9 Lucca\u00a0 1 minutes de lecture La Newsletter Tout ce qu&rsquo;il se passe dans les coulisses de Lucca, deux fois par trimestre, dans votre boite mail. Derni\u00e8res actualit\u00e9s Lucca edit Plus que 2 ans pour atteindre l\u2019objectif de 100 millions, on y est\u2026 presque edit Apr\u00e8s le Club Utilisateurs, [&hellip;]<\/p>\n","protected":false},"author":215,"featured_media":0,"parent":0,"menu_order":0,"comment_status":"closed","ping_status":"open","template":"","meta":{"inline_featured_image":false,"footnotes":""},"class_list":["post-2","page","type-page","status-publish"],"_links":{"self":[{"href":"https:\/\/www.lucca.fr\/actualites\/wp-json\/wp\/v2\/pages\/2","targetHints":{"allow":["GET"]}}],"collection":[{"href":"https:\/\/www.lucca.fr\/actualites\/wp-json\/wp\/v2\/pages"}],"about":[{"href":"https:\/\/www.lucca.fr\/actualites\/wp-json\/wp\/v2\/types\/page"}],"author":[{"embeddable":true,"href":"https:\/\/www.lucca.fr\/actualites\/wp-json\/wp\/v2\/users\/215"}],"replies":[{"embeddable":true,"href":"https:\/\/www.lucca.fr\/actualites\/wp-json\/wp\/v2\/comments?post=2"}],"version-history":[{"count":0,"href":"https:\/\/www.lucca.fr\/actualites\/wp-json\/wp\/v2\/pages\/2\/revisions"}],"wp:attachment":[{"href":"https:\/\/www.lucca.fr\/actualites\/wp-json\/wp\/v2\/media?parent=2"}],"curies":[{"name":"wp","href":"https:\/\/api.w.org\/{rel}","templated":true}]}}